{"id":242,"date":"2015-08-11T11:17:12","date_gmt":"2015-08-11T09:17:12","guid":{"rendered":"https:\/\/vinotext.de\/vinotext-fachagentur-fuer-texte-und-uebersetzungen-rund-um-den-wein-2\/"},"modified":"2026-03-23T13:48:49","modified_gmt":"2026-03-23T12:48:49","slug":"vinotext-fachagentur-fuer-texte-und-uebersetzungen-rund-um-den-wein","status":"publish","type":"page","link":"https:\/\/vinotext.de\/fr\/","title":{"rendered":"Vinotext &#8211; Agence sp\u00e9cialis\u00e9e pour vos textes et traductions autour du vin"},"content":{"rendered":"<section class=\"wpb-content-wrapper\"><p>[vc_row css_animation=\u00a0\u00bb\u00a0\u00bb row_type=\u00a0\u00bbrow\u00a0\u00bb use_row_as_full_screen_section=\u00a0\u00bbyes\u00a0\u00bb type=\u00a0\u00bbfull_width\u00a0\u00bb angled_section=\u00a0\u00bbno\u00a0\u00bb text_align=\u00a0\u00bbcenter\u00a0\u00bb background_image_as_pattern=\u00a0\u00bbwithout_pattern\u00a0\u00bb background_color=\u00a0\u00bb#8a9b79&Prime; padding_top=\u00a0\u00bb50&Prime; padding_bottom=\u00a0\u00bb50&Prime;][vc_column][vc_row_inner row_type=\u00a0\u00bbrow\u00a0\u00bb type=\u00a0\u00bbgrid\u00a0\u00bb text_align=\u00a0\u00bbleft\u00a0\u00bb css_animation=\u00a0\u00bb\u00a0\u00bb][vc_column_inner][vc_column_text el_class=\u00a0\u00bbhl-on-green\u00a0\u00bb]<\/p>\n<h2 style=\"text-align: center;\">Bienvenue<\/h2>\n<p>[\/vc_column_text][vc_empty_space height=\u00a0\u00bb12px\u00a0\u00bb][vc_column_text]<\/p>\n<p style=\"text-align: center;\">\u00ab\u00a0<em>Les mots du vin ne sont pas de vains mot<\/em><em>s<\/em>\u00a0\u00bb\u00a0 Martine Coutier<\/p>\n<p>[\/vc_column_text][vc_empty_space][\/vc_column_inner][\/vc_row_inner][vc_row_inner row_type=\u00a0\u00bbrow\u00a0\u00bb type=\u00a0\u00bbgrid\u00a0\u00bb text_align=\u00a0\u00bbleft\u00a0\u00bb css_animation=\u00a0\u00bb\u00a0\u00bb][vc_column_inner width=\u00a0\u00bb1\/3&Prime;][vc_column_text]VINOTEXT parle le vin. Captivant, fluide et toujours bien inform\u00e9, de la vigne au verre des bars branch\u00e9s.[\/vc_column_text][\/vc_column_inner][vc_column_inner width=\u00a0\u00bb1\/3&Prime;][vc_column_text]VINOTEXT est passionn\u00e9 par les langues, chacune exprimant sa culture vivante. C&rsquo;est pourquoi nous ne traduisons pas litt\u00e9ralement, mais nous transmettons contenus et \u00e9motions.[\/vc_column_text][\/vc_column_inner][vc_column_inner width=\u00a0\u00bb1\/3&Prime;][vc_column_text]VINOTEXT conjugue son expertise en vin, sa confiance textuelle et ses comp\u00e9tences en langues \u00e9trang\u00e8res dans une offre convaincante.[\/vc_column_text][\/vc_column_inner][\/vc_row_inner][\/vc_column][\/vc_row][vc_row css_animation=\u00a0\u00bb\u00a0\u00bb row_type=\u00a0\u00bbrow\u00a0\u00bb use_row_as_full_screen_section=\u00a0\u00bbyes\u00a0\u00bb type=\u00a0\u00bbgrid\u00a0\u00bb angled_section=\u00a0\u00bbno\u00a0\u00bb text_align=\u00a0\u00bbcenter\u00a0\u00bb background_image_as_pattern=\u00a0\u00bbwithout_pattern\u00a0\u00bb anchor=\u00a0\u00bbservices\u00a0\u00bb background_image=\u00a0\u00bb35&Prime; background_color=\u00a0\u00bb#222222&Prime; padding_top=\u00a0\u00bb100&Prime; padding_bottom=\u00a0\u00bb100&Prime;][vc_column][vc_row_inner row_type=\u00a0\u00bbrow\u00a0\u00bb type=\u00a0\u00bbgrid\u00a0\u00bb text_align=\u00a0\u00bbleft\u00a0\u00bb css_animation=\u00a0\u00bb\u00a0\u00bb padding_top=\u00a0\u00bb50&Prime; padding_bottom=\u00a0\u00bb25&Prime; css=\u00a0\u00bb.vc_custom_1439451240940{background-color: rgba(0,0,0,0.6) !important;*background-color: rgb(0,0,0) !important;}\u00a0\u00bb][vc_column_inner][vc_column_text]<\/p>\n<h2 style=\"text-align: center;\">Nos services<\/h2>\n<p>[\/vc_column_text][\/vc_column_inner][\/vc_row_inner][vc_row_inner row_type=\u00a0\u00bbrow\u00a0\u00bb type=\u00a0\u00bbgrid\u00a0\u00bb text_align=\u00a0\u00bbleft\u00a0\u00bb css_animation=\u00a0\u00bb\u00a0\u00bb padding_top=\u00a0\u00bb25&Prime; padding_bottom=\u00a0\u00bb50&Prime; css=\u00a0\u00bb.vc_custom_1439451075359{background-color: rgba(0,0,0,0.6) !important;*background-color: rgb(0,0,0) !important;}\u00a0\u00bb][vc_column_inner width=\u00a0\u00bb1\/3&Prime;][vc_column_text]<\/p>\n<h4>Textes<\/h4>\n<p>Sensuel ou sobre ? Au mieux, les deux ! Un texte captivant sur le vin nous emm\u00e8ne en voyage \u00e0 la rencontre des vignerons et vigneronnes dans leurs caves, leurs vignobles et terroirs, lors de salons internationaux ou de f\u00eates locales. Nous d\u00e9couvrons les particularit\u00e9s r\u00e9gionales, et m\u00eame les faits et chiffres les plus aust\u00e8res parviennent \u00e0 \u00e9veiller nos papilles.<\/p>\n<p>VINOTEXT met en sc\u00e8ne les vins et leurs cr\u00e9ateurs \u2014 avec rigueur, profondeur et toujours du plaisir, de la fiche technique au v\u00e9ritable storytelling.[\/vc_column_text][\/vc_column_inner][vc_column_inner width=\u00a0\u00bb1\/3&Prime;][vc_column_text]<\/p>\n<h4>Relecture<\/h4>\n<p>De la simple correction \u00e0 la refonte totale.<br \/>\nVous disposez d\u00e9j\u00e0 de textes ? Portraits, fiches techniques ou r\u00e9cits, anciens, r\u00e9cents, r\u00e9dig\u00e9s par vos soins ou g\u00e9n\u00e9r\u00e9s par l&rsquo;IA, mais vous n&rsquo;\u00eates pas s\u00fbr qu\u2019ils soient parfaitement juste ?<\/p>\n<p>VINOTEXT relit vos textes avec toute la minutie requise, v\u00e9rifie l&rsquo;orthographe, le contenu et le style, et les adapte volontiers au ton de votre public cible.[\/vc_column_text][\/vc_column_inner][vc_column_inner width=\u00a0\u00bb1\/3&Prime;][vc_column_text]<\/p>\n<h4>Traductions<\/h4>\n<p>Comp\u00e9tences en langues \u00e9trang\u00e8res, bien s\u00fbr. Mais chaque vin comprend son contexte culturel exigeant une compr\u00e9hension approfondie des traditions et tendances, de la viticulture aux accords mets et vins.<\/p>\n<p>Chez VINOTEXT, seules des traductrices et traducteurs passionn\u00e9s de vin travaillant dans leur langue maternelle assurent vos traductions.<\/p>\n<ul>\n<li>Fran\u00e7ais, Anglais, Espagnol, Italien \u00bb Allemand<\/li>\n<li>Allemand, Anglais \u00bb Fran\u00e7ais<\/li>\n<li>Allemand \u00bb Anglais<\/li>\n<\/ul>\n<p>[\/vc_column_text][\/vc_column_inner][\/vc_row_inner][\/vc_column][\/vc_row][vc_row css_animation=\u00a0\u00bb\u00a0\u00bb row_type=\u00a0\u00bbrow\u00a0\u00bb use_row_as_full_screen_section=\u00a0\u00bbyes\u00a0\u00bb type=\u00a0\u00bbgrid\u00a0\u00bb angled_section=\u00a0\u00bbno\u00a0\u00bb text_align=\u00a0\u00bbcenter\u00a0\u00bb background_image_as_pattern=\u00a0\u00bbwithout_pattern\u00a0\u00bb anchor=\u00a0\u00bbclients\u00a0\u00bb background_image=\u00a0\u00bb44&Prime; background_color=\u00a0\u00bb#222222&Prime; padding_top=\u00a0\u00bb100&Prime; padding_bottom=\u00a0\u00bb100&Prime;][vc_column][vc_row_inner row_type=\u00a0\u00bbrow\u00a0\u00bb type=\u00a0\u00bbgrid\u00a0\u00bb text_align=\u00a0\u00bbleft\u00a0\u00bb css_animation=\u00a0\u00bb\u00a0\u00bb padding_top=\u00a0\u00bb50&Prime; padding_bottom=\u00a0\u00bb25&Prime; css=\u00a0\u00bb.vc_custom_1439451240940{background-color: rgba(0,0,0,0.6) !important;*background-color: rgb(0,0,0) !important;}\u00a0\u00bb][vc_column_inner][vc_column_text]<\/p>\n<h2 style=\"text-align: center;\">Nos clients<\/h2>\n<p>[\/vc_column_text][\/vc_column_inner][\/vc_row_inner][vc_row_inner row_type=\u00a0\u00bbrow\u00a0\u00bb type=\u00a0\u00bbgrid\u00a0\u00bb text_align=\u00a0\u00bbleft\u00a0\u00bb css_animation=\u00a0\u00bb\u00a0\u00bb padding_top=\u00a0\u00bb25&Prime; padding_bottom=\u00a0\u00bb50&Prime; css=\u00a0\u00bb.vc_custom_1439451075359{background-color: rgba(0,0,0,0.6) !important;*background-color: rgb(0,0,0) !important;}\u00a0\u00bb][vc_column_inner width=\u00a0\u00bb1\/3&Prime;][vc_column_text]<\/p>\n<h4>Producteurs<\/h4>\n<p>Les vignerons sont infatigables dans leurs efforts pour offrir aux amateurs de vin un plaisir serein.<\/p>\n<p>VINOTEXT met l\u2019accent sur les artistes et leurs cr\u00e9ations. Dans les portraits de vignerons, de vins et de caves.[\/vc_column_text][\/vc_column_inner][vc_column_inner width=\u00a0\u00bb1\/3&Prime;][vc_column_text]<\/p>\n<h4>Distributeurs de vin<\/h4>\n<p>Le marchand de vin \u00e9veille le d\u00e9sir du plaisir avec une offre int\u00e9ressante et des informations attrayantes.<\/p>\n<p>VINOTEXT r\u00e9dige et traduit des textes incitants pour des sites web, des catalogues, des \u00e9v\u00e8nements, des promotions et plus encore.[\/vc_column_text][\/vc_column_inner][vc_column_inner width=\u00a0\u00bb1\/3&Prime;][vc_column_text]<\/p>\n<h4>Associations<\/h4>\n<p>Origine, vignes, traditions &#8230; chaque vin est forg\u00e9 par son pays, son peuple, sa r\u00e9gion (et ses r\u00e9glementations).<\/p>\n<p>VINOTEXT recherche et trouve ces petits et grands \u00e9l\u00e9ments qui distinguent un pays viticole, un terroir et ses vignerons.[\/vc_column_text][\/vc_column_inner][\/vc_row_inner][\/vc_column][\/vc_row][vc_row css_animation=\u00a0\u00bb\u00a0\u00bb row_type=\u00a0\u00bbrow\u00a0\u00bb use_row_as_full_screen_section=\u00a0\u00bbyes\u00a0\u00bb type=\u00a0\u00bbgrid\u00a0\u00bb angled_section=\u00a0\u00bbno\u00a0\u00bb text_align=\u00a0\u00bbcenter\u00a0\u00bb background_image_as_pattern=\u00a0\u00bbwithout_pattern\u00a0\u00bb anchor=\u00a0\u00bbreferences\u00a0\u00bb background_image=\u00a0\u00bb51&Prime; background_color=\u00a0\u00bb#222222&Prime; padding_top=\u00a0\u00bb100&Prime; padding_bottom=\u00a0\u00bb100&Prime;][vc_column][vc_row_inner row_type=\u00a0\u00bbrow\u00a0\u00bb type=\u00a0\u00bbgrid\u00a0\u00bb text_align=\u00a0\u00bbleft\u00a0\u00bb css_animation=\u00a0\u00bb\u00a0\u00bb padding_top=\u00a0\u00bb50&Prime; padding_bottom=\u00a0\u00bb25&Prime; css=\u00a0\u00bb.vc_custom_1439451515431{background-color: rgba(34,34,34,0.6) !important;*background-color: rgb(34,34,34) !important;}\u00a0\u00bb][vc_column_inner][vc_column_text]<\/p>\n<h2 style=\"text-align: center;\">Nos r\u00e9f\u00e9rences<\/h2>\n<p>[\/vc_column_text][vc_empty_space height=\u00a0\u00bb50px\u00a0\u00bb][vc_column_text]<\/p>\n<h4>Producteurs<\/h4>\n<p>[\/vc_column_text][vc_empty_space height=\u00a0\u00bb12px\u00a0\u00bb][vc_gallery type=\u00a0\u00bbimage_grid\u00a0\u00bb images=\u00a0\u00bb368,303,307,308,401,305,535,387,364,306&Prime; img_size=\u00a0\u00bbmedium\u00a0\u00bb column_number=\u00a0\u00bb5&Prime; grayscale=\u00a0\u00bbno\u00a0\u00bb images_space=\u00a0\u00bbgallery_with_space\u00a0\u00bb][\/vc_column_inner][\/vc_row_inner][vc_row_inner row_type=\u00a0\u00bbrow\u00a0\u00bb type=\u00a0\u00bbgrid\u00a0\u00bb text_align=\u00a0\u00bbleft\u00a0\u00bb css_animation=\u00a0\u00bb\u00a0\u00bb padding_top=\u00a0\u00bb25&Prime; padding_bottom=\u00a0\u00bb50&Prime; css=\u00a0\u00bb.vc_custom_1439451579674{background-color: rgba(34,34,34,0.6) !important;*background-color: rgb(34,34,34) !important;}\u00a0\u00bb][vc_column_inner width=\u00a0\u00bb1\/2&Prime;][vc_column_text]<\/p>\n<h4>Distributeurs de vin<\/h4>\n<p>Wein Wolf GmbH, Allemagne | Dohle Handelsgruppe, Allemagne | Baur au Lac Vins, Suisse | Globalwine AG, Suisse et al.[\/vc_column_text][\/vc_column_inner][vc_column_inner width=\u00a0\u00bb1\/2&Prime;][vc_column_text]<\/p>\n<h4>Organismes professionnels<\/h4>\n<p>Deutscher Weinbauverband e.V. Allemagne | Business France Allemagne | SOPEXA Allemagne et al.[\/vc_column_text][\/vc_column_inner][\/vc_row_inner][\/vc_column][\/vc_row][vc_row css_animation=\u00a0\u00bb\u00a0\u00bb row_type=\u00a0\u00bbrow\u00a0\u00bb use_row_as_full_screen_section=\u00a0\u00bbyes\u00a0\u00bb type=\u00a0\u00bbgrid\u00a0\u00bb angled_section=\u00a0\u00bbno\u00a0\u00bb text_align=\u00a0\u00bbcenter\u00a0\u00bb background_image_as_pattern=\u00a0\u00bbwithout_pattern\u00a0\u00bb anchor=\u00a0\u00bbAktuelles\u00a0\u00bb background_image=\u00a0\u00bb36&Prime; background_color=\u00a0\u00bb#222222&Prime; padding_top=\u00a0\u00bb100&Prime; padding_bottom=\u00a0\u00bb100&Prime; el_class=\u00a0\u00bbAktuelles\u00a0\u00bb][vc_column][vc_row_inner row_type=\u00a0\u00bbrow\u00a0\u00bb type=\u00a0\u00bbgrid\u00a0\u00bb text_align=\u00a0\u00bbleft\u00a0\u00bb css_animation=\u00a0\u00bb\u00a0\u00bb padding_top=\u00a0\u00bb50&Prime; padding_bottom=\u00a0\u00bb25&Prime; css=\u00a0\u00bb.vc_custom_1439451515431{background-color: rgba(34,34,34,0.6) !important;*background-color: rgb(34,34,34) !important;}\u00a0\u00bb][vc_column_inner][vc_column_text]<\/p>\n<h2 style=\"text-align: center;\">L&rsquo;actualit\u00e9<\/h2>\n<p>[\/vc_column_text][vc_empty_space height=\u00a0\u00bb50px\u00a0\u00bb]<div class='q_masonry_blog'><div class=\"q_masonry_blog_grid_sizer\"><\/div><div class=\"q_masonry_blog_grid_gutter\"><\/div><article  class='post-344 post type-post status-publish format-standard hentry category-aktuelles-fr '><div class=\"q_masonry_blog_post_image\"><\/div><div class=\"q_masonry_blog_post_text\"><h5 itemprop=\"name\" class=\"q_masonry_blog_title entry_title\"><a itemprop=\"url\" href=\"https:\/\/vinotext.de\/fr\/aktuelles-fr\/bonjour-le-monde\/\">Bonjour Le Monde!<\/a><\/h5><p itemprop=\"description\" class=\"q_masonry_blog_excerpt\">Willkommen bei WordPress. Dies ist Ihr erster Beitrag. Bearbeite oder l\u00f6sche diesen und starte das Bloggen!...<\/p><div class=\"q_masonry_blog_post_info\"><span itemprop=\"dateCreated\" class=\"time entry_date updated\">08 juin, 2015<meta itemprop=\"interactionCount\" content=\"UserComments: <?php echo get_comments_number(qode_get_page_id()); ?>\"\/><\/span> \/ <a itemprop=\"url\" class=\"post_comments\" href=\"https:\/\/vinotext.de\/fr\/aktuelles-fr\/bonjour-le-monde\/#respond\">No comment<\/a><\/div><\/div><\/article><\/div>[\/vc_column_inner][\/vc_row_inner][\/vc_column][\/vc_row][vc_row css_animation=\u00a0\u00bb\u00a0\u00bb row_type=\u00a0\u00bbrow\u00a0\u00bb use_row_as_full_screen_section=\u00a0\u00bbyes\u00a0\u00bb type=\u00a0\u00bbgrid\u00a0\u00bb angled_section=\u00a0\u00bbno\u00a0\u00bb text_align=\u00a0\u00bbcenter\u00a0\u00bb background_image_as_pattern=\u00a0\u00bbwithout_pattern\u00a0\u00bb anchor=\u00a0\u00bbKontakt\u00a0\u00bb background_color=\u00a0\u00bb#222222&Prime; padding_top=\u00a0\u00bb50&Prime; padding_bottom=\u00a0\u00bb50&Prime;][vc_column][\/vc_column][\/vc_row]<\/p>\n<\/section>","protected":false},"excerpt":{"rendered":"<p>[vc_row css_animation=\u00a0\u00bb\u00a0\u00bb row_type=\u00a0\u00bbrow\u00a0\u00bb use_row_as_full_screen_section=\u00a0\u00bbyes\u00a0\u00bb type=\u00a0\u00bbfull_width\u00a0\u00bb angled_section=\u00a0\u00bbno\u00a0\u00bb text_align=\u00a0\u00bbcenter\u00a0\u00bb background_image_as_pattern=\u00a0\u00bbwithout_pattern\u00a0\u00bb background_color=\u00a0\u00bb#8a9b79&Prime; padding_top=\u00a0\u00bb50&Prime; padding_bottom=\u00a0\u00bb50&Prime;][vc_column][vc_row_inner row_type=\u00a0\u00bbrow\u00a0\u00bb type=\u00a0\u00bbgrid\u00a0\u00bb text_align=\u00a0\u00bbleft\u00a0\u00bb css_animation=\u00a0\u00bb\u00a0\u00bb][vc_column_inner][vc_column_text el_class=\u00a0\u00bbhl-on-green\u00a0\u00bb] Bienvenue [\/vc_column_text][vc_empty_space height=\u00a0\u00bb12px\u00a0\u00bb][vc_column_text] \u00ab\u00a0Les mots du vin ne sont pas de vains mots\u00a0\u00bb\u00a0 Martine Coutier [\/vc_column_text][vc_empty_space][\/vc_column_inner][\/vc_row_inner][vc_row_inner row_type=\u00a0\u00bbrow\u00a0\u00bb type=\u00a0\u00bbgrid\u00a0\u00bb text_align=\u00a0\u00bbleft\u00a0\u00bb css_animation=\u00a0\u00bb\u00a0\u00bb][vc_column_inner width=\u00a0\u00bb1\/3&Prime;][vc_column_text]VINOTEXT parle le vin. Captivant, fluide et toujours bien&#8230;<\/p>\n","protected":false},"author":2,"featured_media":0,"parent":0,"menu_order":0,"comment_status":"open","ping_status":"open","template":"full_width.php","meta":{"footnotes":""},"_links":{"self":[{"href":"https:\/\/vinotext.de\/fr\/wp-json\/wp\/v2\/pages\/242"}],"collection":[{"href":"https:\/\/vinotext.de\/fr\/wp-json\/wp\/v2\/pages"}],"about":[{"href":"https:\/\/vinotext.de\/fr\/wp-json\/wp\/v2\/types\/page"}],"author":[{"embeddable":true,"href":"https:\/\/vinotext.de\/fr\/wp-json\/wp\/v2\/users\/2"}],"replies":[{"embeddable":true,"href":"https:\/\/vinotext.de\/fr\/wp-json\/wp\/v2\/comments?post=242"}],"version-history":[{"count":42,"href":"https:\/\/vinotext.de\/fr\/wp-json\/wp\/v2\/pages\/242\/revisions"}],"predecessor-version":[{"id":771,"href":"https:\/\/vinotext.de\/fr\/wp-json\/wp\/v2\/pages\/242\/revisions\/771"}],"wp:attachment":[{"href":"https:\/\/vinotext.de\/fr\/wp-json\/wp\/v2\/media?parent=242"}],"curies":[{"name":"wp","href":"https:\/\/api.w.org\/{rel}","templated":true}]}}